{"id":20,"date":"2009-08-23T23:51:48","date_gmt":"2009-08-23T22:51:48","guid":{"rendered":"http:\/\/landjugend-gnodstadt.de\/wordpress\/?page_id=20"},"modified":"2023-10-03T12:41:55","modified_gmt":"2023-10-03T11:41:55","slug":"impressum","status":"publish","type":"page","link":"https:\/\/landjugend-gnodstadt.de\/wordpress\/?page_id=20","title":{"rendered":"Impressum\/Kontakt"},"content":{"rendered":"<p><strong>Programmierung, Wartung und alles andere: <\/strong><br \/>\nNikolas Hofmann<\/p>\n<p><strong>Kontakt per e-mail: <\/strong><br \/>\nmail@landjugend-gnodstadt.de<\/p>\n<p><strong>Impressum: <\/strong><br \/>\nLandjugend Gnodstadt<br \/>\n1. Vorstand Nikolas Hofmann<br \/>\nAm Steinbruch 23<\/p>\n<p>97340 Gnodstadt<\/p>\n<p><strong>powered by:<\/strong><br \/>\n<span style=\"color: #ff9900;\"><a style=\"color: #ff9900;\" href=\"http:\/\/www.rbi-computer.de\" target=\"_blank\" rel=\"noopener\">rbi-computer.de<\/a><\/span><\/p>\n<p><strong>Haftungshinweis:<\/strong><br \/>\nTrotz sorgf\u00e4ltiger inhaltlicher Kontrolle \u00fcbernehmen wir keine Haftung f\u00fcr die Inhalte externer Links. F\u00fcr den Inhalt der verlinkten Seiten sind ausschlie\u00dflich deren Betreiber verantwortlich.<\/p>\n","protected":false},"excerpt":{"rendered":"<p>Programmierung, Wartung und alles andere: Nikolas Hofmann Kontakt per e-mail: mail@landjugend-gnodstadt.de Impressum: Landjugend Gnodstadt 1. Vorstand Nikolas Hofmann Am Steinbruch 23 97340 Gnodstadt powered by: rbi-computer.de Haftungshinweis: Trotz sorgf\u00e4ltiger inhaltlicher Kontrolle \u00fcbernehmen wir keine Haftung f\u00fcr die Inhalte externer Links. F\u00fcr den Inhalt der verlinkten Seiten sind ausschlie\u00dflich deren Betreiber verantwortlich.<\/p>\n","protected":false},"author":1,"featured_media":0,"parent":0,"menu_order":10,"comment_status":"closed","ping_status":"closed","template":"","meta":{"footnotes":""},"class_list":["post-20","page","type-page","status-publish","hentry"],"_links":{"self":[{"href":"https:\/\/landjugend-gnodstadt.de\/wordpress\/index.php?rest_route=\/wp\/v2\/pages\/20","targetHints":{"allow":["GET"]}}],"collection":[{"href":"https:\/\/landjugend-gnodstadt.de\/wordpress\/index.php?rest_route=\/wp\/v2\/pages"}],"about":[{"href":"https:\/\/landjugend-gnodstadt.de\/wordpress\/index.php?rest_route=\/wp\/v2\/types\/page"}],"author":[{"embeddable":true,"href":"https:\/\/landjugend-gnodstadt.de\/wordpress\/index.php?rest_route=\/wp\/v2\/users\/1"}],"replies":[{"embeddable":true,"href":"https:\/\/landjugend-gnodstadt.de\/wordpress\/index.php?rest_route=%2Fwp%2Fv2%2Fcomments&post=20"}],"version-history":[{"count":18,"href":"https:\/\/landjugend-gnodstadt.de\/wordpress\/index.php?rest_route=\/wp\/v2\/pages\/20\/revisions"}],"predecessor-version":[{"id":1221,"href":"https:\/\/landjugend-gnodstadt.de\/wordpress\/index.php?rest_route=\/wp\/v2\/pages\/20\/revisions\/1221"}],"wp:attachment":[{"href":"https:\/\/landjugend-gnodstadt.de\/wordpress\/index.php?rest_route=%2Fwp%2Fv2%2Fmedia&parent=20"}],"curies":[{"name":"wp","href":"https:\/\/api.w.org\/{rel}","templated":true}]}}